{"id":511,"date":"2019-04-25T13:56:56","date_gmt":"2019-04-25T12:56:56","guid":{"rendered":"http:\/\/626.ablak.arnes.si\/?page_id=511"},"modified":"2022-03-02T08:46:34","modified_gmt":"2022-03-02T08:46:34","slug":"about-common","status":"publish","type":"page","link":"https:\/\/www.micreate.eu\/index.php\/about-common\/","title":{"rendered":"Concept"},"content":{"rendered":"<h2>Concept<\/h2>\n<p style=\"text-align: left;\">Many children are actively and positively engaged in creating their lives and future for themselves \u2013 probably more than we are willing to admit \u2013 but they soon become bounded by what adults think is their best interests. In this regard, the project highlights that the existing social and political order does not offer enough autonomous space where children could independently speak for themselves. Our aim in this regard is to create \u2018a space\u2019 where migrant children of all ages are able to communicate and share their experiences after arriving in receiving societies. The proposed project embarks on a mission to gather their stories in order to support their needs and aspirations when it comes to integration into host societies, with an aim to make heard the voices of the least powerful members of communities, as an argument and factor for change. Our basic standpoint is that child-centered integration policies, integration programmes, practices and initiatives are among most important factors to support migrant children to become partners and participants in the development of a cohesive societies, with equal opportunities and secured rights as individuals, but also as members of minority and migrant groups in different spheres (education, labour market, housing, civil society, etc.).<\/p>\n<h2>Objectives<\/h2>\n<p style=\"text-align: left;\">The overall objective of the project is to stimulate inclusion of diverse groups of migrant children by adopting child-centered approach to migrant children integration on educational and policy level. The project starts from the fact that European countries and their education systems encounter manifold challenges due to growing ethnic, cultural, linguistic diversity and thereby our specific objectives are:<\/p>\n<ul>\n<li>to improve knowledge about children\u2019s experiences of life in new social environments<\/li>\n<li>to explore school peer dynamics in view of the integration process<\/li>\n<li>to build on the capacity of teachers and educational staff for diversity managing&nbsp;<\/li>\n<li>to develop child-centered tools for stimulating migrant integration<\/li>\n<li>to design child-centered integration policy recommendations for diverse decision-makers&nbsp;&nbsp;<\/li>\n<\/ul>\n<section data-id=\"cb1780e\" data-element_type=\"section\">\n    <\/section>\n<section data-id=\"19776f3\" data-element_type=\"section\">\n    <\/section>\n<section data-id=\"e670905\" data-element_type=\"section\">\n<h3>To Improve Knowledge about Children\u2019s Experiences of Life in New Social Environments<\/h3>\n<p>Our objective is to gather migrant children\u2019s experiences related to different stages in the integration processes (newly arrived and long-term residents) and different institutional settings (asylum homes, hotspots, refugee camps, schools). Doing child-centred fieldwork with children will improve our understanding of children\u2019s experiences of a life in new social and cultural environments related to the arrival and staying in host societies. It will offer a new insight into the conceptualizations of well-being and needs and help us to understand the the dynamics of integration in relation to educational systems, peer groups, sport, leisure activities and classroom dynamics, psychosocial support services.<\/p>\n<\/section>\n<section data-id=\"52bd016\" data-element_type=\"section\">\n<h3>To get an insight into school peer dynamics in view of the integration process<\/h3>\n<p>Project\u2019s specific objective is to examine the impact of local children on the integration of migrant children and to give an insight into peer dynamics among local and migrant children. Our aim is not only to identify the potential of local children as a factor in processes of migrant children\u2019s integration, but also to compare indicators of social inclusion and thereby evaluate the level of success in integration, especially by comparing migrant and local children in view of family dynamics, cultural identity, leisure activities, relations with peers, future ambitions, classroom dynamics, gender and religion dimensions, etc.<\/p>\n<\/section>\n<section data-id=\"c5eff86\" data-element_type=\"section\">\n<h3>To build on the capacity of teachers and educational staff for diversity managing<\/h3>\n<p>Project\u2019s objective is to build on capacity, educational and awareness raising of teachers and educational staff, and for professionals and other adults who come into regular contact with children to better assess risks and meet the specific needs of migrant children in host societies. In this manner the project will contribute to the mutual learning and capacity-building of teachers, who will then be better equipped with the knowledge about their students that is necessary for further development of good solutions and best practices in line with children\u2019s needs when it comes to managing ethnic diversity in schools.<\/p>\n<\/section>\n<section data-id=\"97bc259\" data-element_type=\"section\">\n<h3>To develop child-centred tools for stimulating migrant integration<\/h3>\n<p>The proposed project has an objective to overcome integration challenges. For this purpose, Work package 10: Integration Lab is foreseen with an aim to develop new tools and, where possible, to advance effective practices used in schools by teachers for motivating migrant children\u2019s integration and raising awareness and tolerance among local children. This is vital, especially in the light of the call that gives weight not only to mapping integration challenges but, more importantly, to winning them. Having this in mind, special precautions have been taken to avoid the project results becoming end in themselves.<\/p>\n<\/section>\n<section data-id=\"8883d89\" data-element_type=\"section\">\n<h3>To design child-centred integration policy recommendations for diverse decision-makers<\/h3>\n<p>Creating a child-centred integration policy as a specific objective will involve forming policy that puts the focus on the child while looking at how specific measures respond and impact migrant children\u2019s needs and at the same time acknowledges their well-being. Knowing that policy-makers have been criticized for being excessively selective, merely choosing from those components of expertise that fit their problem definitions, on the one hand, and that researchers have been challenged for being unable to reflect critically on their own problem definitions due to their engagement with policy on the other hand, the project confronts child-centred approach with integration and policy.<br \/>\n<\/section>\n<p>\t\t\t<a role=\"button\"><br \/>\nREAD MORE<br \/>\n<\/a><\/p>\n<h2>Project Plan<\/h2>\n<p style=\"text-align: left;\">General cross-disciplinary analysis of scientific literature and data sets overview will provide in-depth overview of the general theoretical work regarding the integration of migrant children in schools and of the methodological approaches used in empirical studies carried out in this field. The project we will thereafter undertake the examination of reception communities in Slovenia, Austria, Spain, UK, Denmark and Poland focusing particularly on policy analysis, analysis of a range of secondary (administrative) data and review of political, media and general public discourse.&nbsp;<\/p>\n<p style=\"text-align: left;\">The research activities on educational staff and school systems as well as <b>newly arrived migrants, long-term residents<\/b> and <b>local children<\/b> will be conducted in schools in Slovenia, Denmark, Spain, United Kingdom, Austria and Poland. Along with fieldwork with children in schools, fieldwork with children in transition will take place in <b>camps<\/b> and <b>institutions<\/b> in Palermo (Italy), Calais (France), Moria (Greece), \u015eanl\u0131urfa (Turkey), Linin Reception Camp (Poland), <b>asylum homes<\/b> in Slovenia and Austria.&nbsp; More than <strong>550 migrant children<\/strong> will take part in the research activities of the MiCreate project. The conclusions of crosscutting analysis and findings from the fieldwork with teachers, local and migrant children will provide a base for <b>policy recommendations&nbsp;<\/b>and development of integration tools through the activities of <b>Integration Lab.<\/b><\/p>\n<p style=\"text-align: left;\">The <b>Integration Labs<\/b> will be established in participating countries to develop IC tools software, while the content of the tools will be defined after the first results and findings from the fieldwork with children is available to be incorporated. Children\u2019s Advisory Boards on local level will be established to provide advice and help researchers with development of IC tools and diversity management practices. Based on revised methods and activities we will thereafter compose \u201cteacher\u2019s manual\u201d in a form of a toolkit, which will include:<\/p>\n<ul>\n<li>digital storytelling application<\/li>\n<li>awareness raising IC tool<\/li>\n<li>guide for teachers introducing multicultural education and diversity management<\/li>\n<li>guide for teachers including methods for solving inter-ethnic conflicts in school environment<\/li>\n<li>guide for teachers consisting of art-based approach practices and measures for promoting inclusion<\/li>\n<li>guide for teachers explaining indicators of migrant\u2019s conceptualisation of well-being<\/li>\n<li>collection of best practices of multiculturality through organisation of everyday school life.<\/li>\n<\/ul>\n<p style=\"text-align: left;\">We will continue with intense <b>dissemination activities<\/b> campaigns in Slovenia, Austria, Denmark, United Kingdom, Poland and Spain and with assistance of NGOs also in Cyprus, Hungary, Italy, Germany, Lithuania, Croatia, Bulgaria, Romania and Serbia, Portugal, Netherlands, Latvia and Slovakia. In the concluding period, we will organize events to promote and present policy recommendations, toolkit for teachers, project\u2019s results and findings.<\/p>\n<p>\t\t\t<a role=\"button\"><br \/>\nREAD MORE<br \/>\n<\/a><\/p>\n<h2>Management Structure<\/h2>\n<h3>General Coordination Team<\/h3>\n<ul>\n<li>Mateja Sedmak, PhD Academic Coordinator (Science and Research Centre Koper)<\/li>\n<li>Barbara Gornik, PhD Academic Co-Coordinator (Science and Research Centre Koper)<\/li>\n<li>Barbara Pandev, Project Coordination Manager (Science and Research Centre Koper)<\/li>\n<\/ul>\n<h3>Advisory Board<\/h3>\n<ul>\n<li>Anna Marie Schurmann Carstens (The National Council for Children, Denmark)<\/li>\n<li>Aydin Tunc, MSc (Vienna Administration, section \u201cDiversity and Integration\u201d, Austria)<\/li>\n<li>Birgit Leyendecker, PhD, Ruhr \u2013 University Bochum, Germany)<\/li>\n<li>Jenny Patterson (Manchester City Council, UK)<\/li>\n<li>Maria Peix Batet (Metropolitan area of Barcelona, Spain)<\/li>\n<li>Maria Zuber (European Commission DG HOME)<\/li>\n<li>Roberta Lo Bianco (CESIE, Italy)<\/li>\n<li>Stanka Lunder Verli\u010d, PhD (Ministry of Education, Science and Sport, Slovenia)<\/li>\n<li>Wojciech Sadownik (Office of the Commissioner for Human Rights, Poland)<\/li>\n<li>Zeynep Yanasmayan, PhD (Max Planck Institute for Social Anthropology, Germany)<\/li>\n<\/ul>\n<h3>Executive Board<\/h3>\n<ul>\n<li>Mateja Sedmak, PhD (Science and Research Centre Koper)<\/li>\n<li>Barbara Gornik PhD (Science and Research Centre Koper)<\/li>\n<li>Zorana Medari\u0107, MSc (Science and Research Centre Koper)<\/li>\n<li>Shoba Arun, PhD (The Manchester Metropolitan University<\/li>\n<li>Gro Hellesdatter Jacobsen, PhD (University of Southern Denmark)<\/li>\n<li>Fernando Hern\u00e1ndez, PhD (University of Barcelona)<\/li>\n<li>Juana M. Sancho, PhD (University of Barcelona)<\/li>\n<li>Achilles Kameas, PhD (Hellenic Open University)<\/li>\n<li>Jakub Ko\u015bci\u00f3\u0142ek, PhD (Stowarzyszenie Interkulturalni Pl)<\/li>\n<li>Birgit Sauer, PhD (University of Vienna)<\/li>\n<li>Ayse Dursun, PhD (University of Vienna)<\/li>\n<li>Vlasta Jalu\u0161i\u010d, PhD (Peace Institute)<\/li>\n<li>Noemi de Luca (CESIE)<\/li>\n<li>Annalisa Lendaro, PhD (The French National Centre for Scientific Research)<\/li>\n<\/ul>\n<style>\n    h2, h1 {<br \/>\n        text-align: left!important;<br \/>\n        margin-top: 20px!important;<br \/>\n    }<br \/>\n<\/style>\n","protected":false},"excerpt":{"rendered":"<p>Concept Many children are actively and positively engaged in creating their lives and future for themselves \u2013 probably more than we are willing to admit \u2013 but they soon become bounded by what adults think is their best interests. In this regard, the project highlights that the existing social and political order does not offer &#8230; <a title=\"Concept\" class=\"read-more\" href=\"https:\/\/www.micreate.eu\/index.php\/about-common\/\" aria-label=\"Read more about Concept\">Read more<\/a><\/p>\n","protected":false},"author":8,"featured_media":0,"parent":0,"menu_order":0,"comment_status":"closed","ping_status":"closed","template":"","meta":{"footnotes":""},"class_list":["post-511","page","type-page","status-publish"],"_links":{"self":[{"href":"https:\/\/www.micreate.eu\/index.php\/wp-json\/wp\/v2\/pages\/511","targetHints":{"allow":["GET"]}}],"collection":[{"href":"https:\/\/www.micreate.eu\/index.php\/wp-json\/wp\/v2\/pages"}],"about":[{"href":"https:\/\/www.micreate.eu\/index.php\/wp-json\/wp\/v2\/types\/page"}],"author":[{"embeddable":true,"href":"https:\/\/www.micreate.eu\/index.php\/wp-json\/wp\/v2\/users\/8"}],"replies":[{"embeddable":true,"href":"https:\/\/www.micreate.eu\/index.php\/wp-json\/wp\/v2\/comments?post=511"}],"version-history":[{"count":46,"href":"https:\/\/www.micreate.eu\/index.php\/wp-json\/wp\/v2\/pages\/511\/revisions"}],"predecessor-version":[{"id":1925,"href":"https:\/\/www.micreate.eu\/index.php\/wp-json\/wp\/v2\/pages\/511\/revisions\/1925"}],"wp:attachment":[{"href":"https:\/\/www.micreate.eu\/index.php\/wp-json\/wp\/v2\/media?parent=511"}],"curies":[{"name":"wp","href":"https:\/\/api.w.org\/{rel}","templated":true}]}}